{"id":25,"date":"2022-08-24T12:52:19","date_gmt":"2022-08-24T12:52:19","guid":{"rendered":"https:\/\/francine-andres.com\/?page_id=25"},"modified":"2023-04-16T11:08:51","modified_gmt":"2023-04-16T11:08:51","slug":"mediation-artistique","status":"publish","type":"page","link":"https:\/\/francine-andres.com\/?page_id=25","title":{"rendered":"Interventions Champ m\u00e9dico-social"},"content":{"rendered":"\t\t<div data-elementor-type=\"wp-page\" data-elementor-id=\"25\" class=\"elementor elementor-25\">\n\t\t\t\t\t\t<section class=\"elementor-section elementor-top-section elementor-element elementor-element-c239764 elementor-section-full_width elementor-section-height-default elementor-section-height-default\" data-id=\"c239764\" data-element_type=\"section\" data-e-type=\"section\" data-settings=\"{&quot;shape_divider_top&quot;:&quot;arrow&quot;}\">\n\t\t\t\t\t<div class=\"elementor-shape elementor-shape-top\" aria-hidden=\"true\" data-negative=\"false\">\n\t\t\t<svg xmlns=\"http:\/\/www.w3.org\/2000\/svg\" viewBox=\"0 0 700 10\" preserveAspectRatio=\"none\">\n\t<path class=\"elementor-shape-fill\" d=\"M350,10L340,0h20L350,10z\"\/>\n<\/svg>\t\t<\/div>\n\t\t\t\t\t<div class=\"elementor-container elementor-column-gap-default\">\n\t\t\t\t\t<div class=\"elementor-column elementor-col-20 elementor-top-column elementor-element elementor-element-ff96522\" data-id=\"ff96522\" data-element_type=\"column\" data-e-type=\"column\">\n\t\t\t<div class=\"elementor-widget-wrap elementor-element-populated\">\n\t\t\t\t\t\t<div class=\"elementor-element elementor-element-db4133d elementor-widget elementor-widget-heading\" data-id=\"db4133d\" data-element_type=\"widget\" data-e-type=\"widget\" data-widget_type=\"heading.default\">\n\t\t\t\t<div class=\"elementor-widget-container\">\n\t\t\t\t\t<h2 class=\"elementor-heading-title elementor-size-default\">R\u00e9alisation dans l\u2019atelier fresque, d\u2019une \u0153uvre sur le th\u00e8me du peintre Matisse pour identit\u00e9 du CMPP de Paris 15\u00e8m. Participants \u00e0 la conception et \u00e0 la r\u00e9alisation des adolescents d\u2019un IME. Fresque sur 3 panneaux de murs de 3m\u00e8tres sur sur 2,50 de hauteurs \u00e0 5m\u00e8tres sur 2m\u00e8tres 50 de hauteur. Utilisation de peinture acrylique, feutres posca<\/h2>\t\t\t\t<\/div>\n\t\t\t\t<\/div>\n\t\t\t\t\t<\/div>\n\t\t<\/div>\n\t\t\t\t<div class=\"elementor-column elementor-col-20 elementor-top-column elementor-element elementor-element-da6e920\" data-id=\"da6e920\" data-element_type=\"column\" data-e-type=\"column\">\n\t\t\t<div class=\"elementor-widget-wrap elementor-element-populated\">\n\t\t\t\t\t\t<div class=\"elementor-element elementor-element-690d459 elementor-widget elementor-widget-image\" data-id=\"690d459\" data-element_type=\"widget\" data-e-type=\"widget\" data-widget_type=\"image.default\">\n\t\t\t\t<div class=\"elementor-widget-container\">\n\t\t\t\t\t\t\t\t\t\t\t\t\t\t\t<img fetchpriority=\"high\" decoding=\"async\" width=\"300\" height=\"225\" src=\"https:\/\/francine-andres.com\/wp-content\/uploads\/2022\/11\/Fresque-2-en-ligne-300x225.jpg\" class=\"attachment-medium size-medium wp-image-177\" alt=\"\" srcset=\"https:\/\/francine-andres.com\/wp-content\/uploads\/2022\/11\/Fresque-2-en-ligne-300x225.jpg 300w, https:\/\/francine-andres.com\/wp-content\/uploads\/2022\/11\/Fresque-2-en-ligne-1024x768.jpg 1024w, https:\/\/francine-andres.com\/wp-content\/uploads\/2022\/11\/Fresque-2-en-ligne-768x576.jpg 768w, https:\/\/francine-andres.com\/wp-content\/uploads\/2022\/11\/Fresque-2-en-ligne-1536x1152.jpg 1536w, https:\/\/francine-andres.com\/wp-content\/uploads\/2022\/11\/Fresque-2-en-ligne.jpg 1600w\" sizes=\"(max-width: 300px) 100vw, 300px\" \/>\t\t\t\t\t\t\t\t\t\t\t\t\t\t\t<\/div>\n\t\t\t\t<\/div>\n\t\t\t\t<div class=\"elementor-element elementor-element-ec94eb4 elementor-widget elementor-widget-image\" data-id=\"ec94eb4\" data-element_type=\"widget\" data-e-type=\"widget\" data-widget_type=\"image.default\">\n\t\t\t\t<div class=\"elementor-widget-container\">\n\t\t\t\t\t\t\t\t\t\t\t\t\t\t\t<img decoding=\"async\" width=\"300\" height=\"253\" src=\"https:\/\/francine-andres.com\/wp-content\/uploads\/2022\/11\/Fresque-7-1-300x253.jpg\" class=\"attachment-medium size-medium wp-image-186\" alt=\"\" srcset=\"https:\/\/francine-andres.com\/wp-content\/uploads\/2022\/11\/Fresque-7-1-300x253.jpg 300w, https:\/\/francine-andres.com\/wp-content\/uploads\/2022\/11\/Fresque-7-1-1024x864.jpg 1024w, https:\/\/francine-andres.com\/wp-content\/uploads\/2022\/11\/Fresque-7-1-768x648.jpg 768w, https:\/\/francine-andres.com\/wp-content\/uploads\/2022\/11\/Fresque-7-1-1536x1296.jpg 1536w, https:\/\/francine-andres.com\/wp-content\/uploads\/2022\/11\/Fresque-7-1-2048x1728.jpg 2048w\" sizes=\"(max-width: 300px) 100vw, 300px\" \/>\t\t\t\t\t\t\t\t\t\t\t\t\t\t\t<\/div>\n\t\t\t\t<\/div>\n\t\t\t\t\t<\/div>\n\t\t<\/div>\n\t\t\t\t<div class=\"elementor-column elementor-col-20 elementor-top-column elementor-element elementor-element-e7a058e\" data-id=\"e7a058e\" data-element_type=\"column\" data-e-type=\"column\">\n\t\t\t<div class=\"elementor-widget-wrap elementor-element-populated\">\n\t\t\t\t\t\t<div class=\"elementor-element elementor-element-fc623b2 elementor-widget elementor-widget-image\" data-id=\"fc623b2\" data-element_type=\"widget\" data-e-type=\"widget\" data-widget_type=\"image.default\">\n\t\t\t\t<div class=\"elementor-widget-container\">\n\t\t\t\t\t\t\t\t\t\t\t\t\t\t\t<img decoding=\"async\" width=\"300\" height=\"225\" src=\"https:\/\/francine-andres.com\/wp-content\/uploads\/2022\/11\/Fresque-en-ligne-2-300x225.jpg\" class=\"attachment-medium size-medium wp-image-189\" alt=\"\" srcset=\"https:\/\/francine-andres.com\/wp-content\/uploads\/2022\/11\/Fresque-en-ligne-2-300x225.jpg 300w, https:\/\/francine-andres.com\/wp-content\/uploads\/2022\/11\/Fresque-en-ligne-2-1024x768.jpg 1024w, https:\/\/francine-andres.com\/wp-content\/uploads\/2022\/11\/Fresque-en-ligne-2-768x576.jpg 768w, https:\/\/francine-andres.com\/wp-content\/uploads\/2022\/11\/Fresque-en-ligne-2-1536x1152.jpg 1536w, https:\/\/francine-andres.com\/wp-content\/uploads\/2022\/11\/Fresque-en-ligne-2-2048x1536.jpg 2048w\" sizes=\"(max-width: 300px) 100vw, 300px\" \/>\t\t\t\t\t\t\t\t\t\t\t\t\t\t\t<\/div>\n\t\t\t\t<\/div>\n\t\t\t\t<div class=\"elementor-element elementor-element-6e9a65b elementor-widget elementor-widget-image\" data-id=\"6e9a65b\" data-element_type=\"widget\" data-e-type=\"widget\" data-widget_type=\"image.default\">\n\t\t\t\t<div class=\"elementor-widget-container\">\n\t\t\t\t\t\t\t\t\t\t\t\t\t\t\t<img loading=\"lazy\" decoding=\"async\" width=\"300\" height=\"272\" src=\"https:\/\/francine-andres.com\/wp-content\/uploads\/2022\/11\/Fresque-en-ligne-7-300x272.jpg\" class=\"attachment-medium size-medium wp-image-194\" alt=\"\" srcset=\"https:\/\/francine-andres.com\/wp-content\/uploads\/2022\/11\/Fresque-en-ligne-7-300x272.jpg 300w, https:\/\/francine-andres.com\/wp-content\/uploads\/2022\/11\/Fresque-en-ligne-7-1024x927.jpg 1024w, https:\/\/francine-andres.com\/wp-content\/uploads\/2022\/11\/Fresque-en-ligne-7-768x695.jpg 768w, https:\/\/francine-andres.com\/wp-content\/uploads\/2022\/11\/Fresque-en-ligne-7-1536x1391.jpg 1536w, https:\/\/francine-andres.com\/wp-content\/uploads\/2022\/11\/Fresque-en-ligne-7-2048x1854.jpg 2048w\" sizes=\"(max-width: 300px) 100vw, 300px\" \/>\t\t\t\t\t\t\t\t\t\t\t\t\t\t\t<\/div>\n\t\t\t\t<\/div>\n\t\t\t\t\t<\/div>\n\t\t<\/div>\n\t\t\t\t<div class=\"elementor-column elementor-col-20 elementor-top-column elementor-element elementor-element-1fc2656\" data-id=\"1fc2656\" data-element_type=\"column\" data-e-type=\"column\">\n\t\t\t<div class=\"elementor-widget-wrap elementor-element-populated\">\n\t\t\t\t\t\t<div class=\"elementor-element elementor-element-acdc088 elementor-widget elementor-widget-image\" data-id=\"acdc088\" data-element_type=\"widget\" data-e-type=\"widget\" data-widget_type=\"image.default\">\n\t\t\t\t<div class=\"elementor-widget-container\">\n\t\t\t\t\t\t\t\t\t\t\t\t\t\t\t<img loading=\"lazy\" decoding=\"async\" width=\"225\" height=\"300\" src=\"https:\/\/francine-andres.com\/wp-content\/uploads\/2022\/11\/Fresque-7-2-225x300.jpg\" class=\"attachment-medium size-medium wp-image-187\" alt=\"\" srcset=\"https:\/\/francine-andres.com\/wp-content\/uploads\/2022\/11\/Fresque-7-2-225x300.jpg 225w, https:\/\/francine-andres.com\/wp-content\/uploads\/2022\/11\/Fresque-7-2-768x1024.jpg 768w, https:\/\/francine-andres.com\/wp-content\/uploads\/2022\/11\/Fresque-7-2-1152x1536.jpg 1152w, https:\/\/francine-andres.com\/wp-content\/uploads\/2022\/11\/Fresque-7-2-1536x2048.jpg 1536w, https:\/\/francine-andres.com\/wp-content\/uploads\/2022\/11\/Fresque-7-2-scaled.jpg 1920w\" sizes=\"(max-width: 225px) 100vw, 225px\" \/>\t\t\t\t\t\t\t\t\t\t\t\t\t\t\t<\/div>\n\t\t\t\t<\/div>\n\t\t\t\t\t<\/div>\n\t\t<\/div>\n\t\t\t\t<div class=\"elementor-column elementor-col-20 elementor-top-column elementor-element elementor-element-ee2ff71\" data-id=\"ee2ff71\" data-element_type=\"column\" data-e-type=\"column\">\n\t\t\t<div class=\"elementor-widget-wrap elementor-element-populated\">\n\t\t\t\t\t\t<div class=\"elementor-element elementor-element-f9930f6 elementor-widget elementor-widget-image\" data-id=\"f9930f6\" data-element_type=\"widget\" data-e-type=\"widget\" data-widget_type=\"image.default\">\n\t\t\t\t<div class=\"elementor-widget-container\">\n\t\t\t\t\t\t\t\t\t\t\t\t\t\t\t<img loading=\"lazy\" decoding=\"async\" width=\"217\" height=\"300\" src=\"https:\/\/francine-andres.com\/wp-content\/uploads\/2022\/11\/Fresque-2-en-construction-217x300.jpg\" class=\"attachment-medium size-medium wp-image-176\" alt=\"\" srcset=\"https:\/\/francine-andres.com\/wp-content\/uploads\/2022\/11\/Fresque-2-en-construction-217x300.jpg 217w, https:\/\/francine-andres.com\/wp-content\/uploads\/2022\/11\/Fresque-2-en-construction-741x1024.jpg 741w, https:\/\/francine-andres.com\/wp-content\/uploads\/2022\/11\/Fresque-2-en-construction-768x1061.jpg 768w, https:\/\/francine-andres.com\/wp-content\/uploads\/2022\/11\/Fresque-2-en-construction.jpg 1055w\" sizes=\"(max-width: 217px) 100vw, 217px\" \/>\t\t\t\t\t\t\t\t\t\t\t\t\t\t\t<\/div>\n\t\t\t\t<\/div>\n\t\t\t\t\t<\/div>\n\t\t<\/div>\n\t\t\t\t\t<\/div>\n\t\t<\/section>\n\t\t\t\t<section class=\"elementor-section elementor-top-section elementor-element elementor-element-d5d9794 elementor-section-full_width elementor-section-content-middle elementor-section-height-default elementor-section-height-default\" data-id=\"d5d9794\" data-element_type=\"section\" data-e-type=\"section\">\n\t\t\t\t\t\t<div class=\"elementor-container elementor-column-gap-custom\">\n\t\t\t\t\t<div class=\"elementor-column elementor-col-25 elementor-top-column elementor-element elementor-element-e2c6c8c\" data-id=\"e2c6c8c\" data-element_type=\"column\" data-e-type=\"column\">\n\t\t\t<div class=\"elementor-widget-wrap elementor-element-populated\">\n\t\t\t\t\t\t<div class=\"elementor-element elementor-element-c2de680 elementor-widget elementor-widget-heading\" data-id=\"c2de680\" data-element_type=\"widget\" data-e-type=\"widget\" data-widget_type=\"heading.default\">\n\t\t\t\t<div class=\"elementor-widget-container\">\n\t\t\t\t\t<h2 class=\"elementor-heading-title elementor-size-medium\">M\u00e9diation artistique et art th\u00e9rapie dans atelier BD pour Diff\u00e9rents \u00e9tablissement sociaux \u00e9ducatifs. Sur format A3, crayons, stylos, feutres et papier coll\u00e9. Les planches en art th\u00e9rapie ne sont pas montr\u00e9.<\/h2>\t\t\t\t<\/div>\n\t\t\t\t<\/div>\n\t\t\t\t\t<\/div>\n\t\t<\/div>\n\t\t\t\t<div class=\"elementor-column elementor-col-25 elementor-top-column elementor-element elementor-element-1e24bd5\" data-id=\"1e24bd5\" data-element_type=\"column\" data-e-type=\"column\">\n\t\t\t<div class=\"elementor-widget-wrap elementor-element-populated\">\n\t\t\t\t\t\t<div class=\"elementor-element elementor-element-57e4d13 elementor-widget elementor-widget-image\" data-id=\"57e4d13\" data-element_type=\"widget\" data-e-type=\"widget\" data-widget_type=\"image.default\">\n\t\t\t\t<div class=\"elementor-widget-container\">\n\t\t\t\t\t\t\t\t\t\t\t\t\t\t\t<img loading=\"lazy\" decoding=\"async\" width=\"212\" height=\"300\" src=\"https:\/\/francine-andres.com\/wp-content\/uploads\/2022\/11\/BD-Y-2-212x300.jpg\" class=\"attachment-medium size-medium wp-image-172\" alt=\"\" srcset=\"https:\/\/francine-andres.com\/wp-content\/uploads\/2022\/11\/BD-Y-2-212x300.jpg 212w, https:\/\/francine-andres.com\/wp-content\/uploads\/2022\/11\/BD-Y-2.jpg 552w\" sizes=\"(max-width: 212px) 100vw, 212px\" \/>\t\t\t\t\t\t\t\t\t\t\t\t\t\t\t<\/div>\n\t\t\t\t<\/div>\n\t\t\t\t\t<\/div>\n\t\t<\/div>\n\t\t\t\t<div class=\"elementor-column elementor-col-25 elementor-top-column elementor-element elementor-element-653d936\" data-id=\"653d936\" data-element_type=\"column\" data-e-type=\"column\">\n\t\t\t<div class=\"elementor-widget-wrap elementor-element-populated\">\n\t\t\t\t\t\t<div class=\"elementor-element elementor-element-84de638 elementor-widget elementor-widget-image\" data-id=\"84de638\" data-element_type=\"widget\" data-e-type=\"widget\" data-widget_type=\"image.default\">\n\t\t\t\t<div class=\"elementor-widget-container\">\n\t\t\t\t\t\t\t\t\t\t\t\t\t\t\t<img loading=\"lazy\" decoding=\"async\" width=\"210\" height=\"300\" src=\"https:\/\/francine-andres.com\/wp-content\/uploads\/2022\/11\/BD-Z1-210x300.jpg\" class=\"attachment-medium size-medium wp-image-173\" alt=\"\" srcset=\"https:\/\/francine-andres.com\/wp-content\/uploads\/2022\/11\/BD-Z1-210x300.jpg 210w, https:\/\/francine-andres.com\/wp-content\/uploads\/2022\/11\/BD-Z1.jpg 690w\" sizes=\"(max-width: 210px) 100vw, 210px\" \/>\t\t\t\t\t\t\t\t\t\t\t\t\t\t\t<\/div>\n\t\t\t\t<\/div>\n\t\t\t\t\t<\/div>\n\t\t<\/div>\n\t\t\t\t<div class=\"elementor-column elementor-col-25 elementor-top-column elementor-element elementor-element-21a9965\" data-id=\"21a9965\" data-element_type=\"column\" data-e-type=\"column\">\n\t\t\t<div class=\"elementor-widget-wrap elementor-element-populated\">\n\t\t\t\t\t\t<div class=\"elementor-element elementor-element-a50cda8 elementor-widget elementor-widget-image\" data-id=\"a50cda8\" data-element_type=\"widget\" data-e-type=\"widget\" data-widget_type=\"image.default\">\n\t\t\t\t<div class=\"elementor-widget-container\">\n\t\t\t\t\t\t\t\t\t\t\t\t\t\t\t<img loading=\"lazy\" decoding=\"async\" width=\"211\" height=\"300\" src=\"https:\/\/francine-andres.com\/wp-content\/uploads\/2022\/11\/BD-X-se\u0301ance-1-211x300.jpg\" class=\"attachment-medium size-medium wp-image-168\" alt=\"\" srcset=\"https:\/\/francine-andres.com\/wp-content\/uploads\/2022\/11\/BD-X-se\u0301ance-1-211x300.jpg 211w, https:\/\/francine-andres.com\/wp-content\/uploads\/2022\/11\/BD-X-se\u0301ance-1.jpg 299w\" sizes=\"(max-width: 211px) 100vw, 211px\" \/>\t\t\t\t\t\t\t\t\t\t\t\t\t\t\t<\/div>\n\t\t\t\t<\/div>\n\t\t\t\t\t<\/div>\n\t\t<\/div>\n\t\t\t\t\t<\/div>\n\t\t<\/section>\n\t\t\t\t<\/div>\n\t\t","protected":false},"excerpt":{"rendered":"<p>R\u00e9alisation dans l\u2019atelier fresque, d\u2019une \u0153uvre sur le th\u00e8me du peintre Matisse pour identit\u00e9 du CMPP de Paris 15\u00e8m. Participants \u00e0 la conception et \u00e0 la r\u00e9alisation des adolescents d\u2019un IME. Fresque sur 3 panneaux de murs de 3m\u00e8tres sur sur 2,50 de hauteurs \u00e0 5m\u00e8tres sur 2m\u00e8tres 50 de hauteur. Utilisation de peinture acrylique, [&hellip;]<\/p>\n","protected":false},"author":2,"featured_media":0,"parent":6,"menu_order":0,"comment_status":"closed","ping_status":"closed","template":"","meta":{"om_disable_all_campaigns":false,"_monsterinsights_skip_tracking":false,"_monsterinsights_sitenote_active":false,"_monsterinsights_sitenote_note":"","_monsterinsights_sitenote_category":0,"site-sidebar-layout":"no-sidebar","site-content-layout":"page-builder","ast-site-content-layout":"default","site-content-style":"default","site-sidebar-style":"default","ast-global-header-display":"","ast-banner-title-visibility":"","ast-main-header-display":"","ast-hfb-above-header-display":"","ast-hfb-below-header-display":"","ast-hfb-mobile-header-display":"","site-post-title":"disabled","ast-breadcrumbs-content":"","ast-featured-img":"disabled","footer-sml-layout":"","ast-disable-related-posts":"","theme-transparent-header-meta":"","adv-header-id-meta":"","stick-header-meta":"","header-above-stick-meta":"","header-main-stick-meta":"","header-below-stick-meta":"","astra-migrate-meta-layouts":"default","ast-page-background-enabled":"default","ast-page-background-meta":{"desktop":{"background-color":"var(--ast-global-color-4)","background-image":"","background-repeat":"repeat","background-position":"center center","background-size":"auto","background-attachment":"scroll","background-type":"","background-media":"","overlay-type":"","overlay-color":"","overlay-opacity":"","overlay-gradient":""},"tablet":{"background-color":"","background-image":"","background-repeat":"repeat","background-position":"center center","background-size":"auto","background-attachment":"scroll","background-type":"","background-media":"","overlay-type":"","overlay-color":"","overlay-opacity":"","overlay-gradient":""},"mobile":{"background-color":"","background-image":"","background-repeat":"repeat","background-position":"center center","background-size":"auto","background-attachment":"scroll","background-type":"","background-media":"","overlay-type":"","overlay-color":"","overlay-opacity":"","overlay-gradient":""}},"ast-content-background-meta":{"desktop":{"background-color":"var(--ast-global-color-5)","background-image":"","background-repeat":"repeat","background-position":"center center","background-size":"auto","background-attachment":"scroll","background-type":"","background-media":"","overlay-type":"","overlay-color":"","overlay-opacity":"","overlay-gradient":""},"tablet":{"background-color":"var(--ast-global-color-5)","background-image":"","background-repeat":"repeat","background-position":"center center","background-size":"auto","background-attachment":"scroll","background-type":"","background-media":"","overlay-type":"","overlay-color":"","overlay-opacity":"","overlay-gradient":""},"mobile":{"background-color":"var(--ast-global-color-5)","background-image":"","background-repeat":"repeat","background-position":"center center","background-size":"auto","background-attachment":"scroll","background-type":"","background-media":"","overlay-type":"","overlay-color":"","overlay-opacity":"","overlay-gradient":""}},"footnotes":""},"class_list":["post-25","page","type-page","status-publish","hentry"],"aioseo_notices":[],"_links":{"self":[{"href":"https:\/\/francine-andres.com\/index.php?rest_route=\/wp\/v2\/pages\/25","targetHints":{"allow":["GET"]}}],"collection":[{"href":"https:\/\/francine-andres.com\/index.php?rest_route=\/wp\/v2\/pages"}],"about":[{"href":"https:\/\/francine-andres.com\/index.php?rest_route=\/wp\/v2\/types\/page"}],"author":[{"embeddable":true,"href":"https:\/\/francine-andres.com\/index.php?rest_route=\/wp\/v2\/users\/2"}],"replies":[{"embeddable":true,"href":"https:\/\/francine-andres.com\/index.php?rest_route=%2Fwp%2Fv2%2Fcomments&post=25"}],"version-history":[{"count":211,"href":"https:\/\/francine-andres.com\/index.php?rest_route=\/wp\/v2\/pages\/25\/revisions"}],"predecessor-version":[{"id":1051,"href":"https:\/\/francine-andres.com\/index.php?rest_route=\/wp\/v2\/pages\/25\/revisions\/1051"}],"up":[{"embeddable":true,"href":"https:\/\/francine-andres.com\/index.php?rest_route=\/wp\/v2\/pages\/6"}],"wp:attachment":[{"href":"https:\/\/francine-andres.com\/index.php?rest_route=%2Fwp%2Fv2%2Fmedia&parent=25"}],"curies":[{"name":"wp","href":"https:\/\/api.w.org\/{rel}","templated":true}]}}