{"id":23,"date":"2022-08-24T12:51:36","date_gmt":"2022-08-24T12:51:36","guid":{"rendered":"https:\/\/francine-andres.com\/?page_id=23"},"modified":"2024-08-22T08:18:21","modified_gmt":"2024-08-22T08:18:21","slug":"realisations","status":"publish","type":"page","link":"https:\/\/francine-andres.com\/?page_id=23","title":{"rendered":"\u0152uvres et publications"},"content":{"rendered":"<h2><\/h2>\n<h2>Gouache formait A3 2023<\/h2>\n<h2>\n<style>\/*! elementor - v3.17.0 - 08-11-2023 *\/<br \/>\n.elementor-widget-image{text-align:center}.elementor-widget-image a{display:inline-block}.elementor-widget-image a img[src$=\".svg\"]{width:48px}.elementor-widget-image img{vertical-align:middle;display:inline-block}<\/style>\n<\/h2>\n<p><img fetchpriority=\"high\" decoding=\"async\" class=\"aligncenter\" src=\"http:\/\/francine-andres.com\/wp-content\/uploads\/2023\/04\/20230313_193311-edited-1024x683.jpg\" sizes=\"(max-width: 750px) 100vw, 750px\" srcset=\"https:\/\/francine-andres.com\/wp-content\/uploads\/2023\/04\/20230313_193311-edited-1024x683.jpg 1024w, https:\/\/francine-andres.com\/wp-content\/uploads\/2023\/04\/20230313_193311-edited-300x200.jpg 300w, https:\/\/francine-andres.com\/wp-content\/uploads\/2023\/04\/20230313_193311-edited-768x512.jpg 768w, https:\/\/francine-andres.com\/wp-content\/uploads\/2023\/04\/20230313_193311-edited-1536x1024.jpg 1536w, https:\/\/francine-andres.com\/wp-content\/uploads\/2023\/04\/20230313_193311-edited.jpg 1708w\" alt=\"\" width=\"413\" height=\"275\" \/><\/p>\n<h2>Peinture \u00e0 l&rsquo;huile grand format<\/h2>\n<style type=\"text\/css\">\n#foogallery-gallery-76.fg-justified .fg-item { margin-right: 1px; margin-bottom: 1px; }\n#foogallery-gallery-76.fg-justified .fg-image { height: 200px; }<\/style>\n\t\t\t<div class=\"foogallery foogallery-container foogallery-justified foogallery-lightbox-none fg-justified fg-ready fg-dark fg-border-medium fg-shadow-outline fg-loading-default fg-loaded-fade-in fg-hover-zoomed fg-hover-fade fg-hover-zoom2\" id=\"foogallery-gallery-76\" data-foogallery=\"{&quot;item&quot;:{&quot;showCaptionTitle&quot;:true,&quot;showCaptionDescription&quot;:false},&quot;lazy&quot;:true,&quot;template&quot;:{&quot;rowHeight&quot;:200,&quot;maxRowHeight&quot;:300,&quot;margins&quot;:1,&quot;align&quot;:&quot;center&quot;,&quot;lastRow&quot;:&quot;smart&quot;}}\" style=\"--fg-title-line-clamp: 0; --fg-description-line-clamp: 0;\" >\n\t<div class=\"fg-item fg-type-iframe fg-idle\"><figure class=\"fg-item-inner\"><a href=\"https:\/\/francine-andres.com\/?attachment_id=77\" data-attachment-id=\"77\" data-type=\"iframe\" class=\"fg-thumb\"><span class=\"fg-image-wrap\"><img decoding=\"async\" height=\"300\" width=\"212\" class=\"skip-lazy fg-image\" data-src-fg=\"https:\/\/francine-andres.com\/wp-content\/uploads\/cache\/2022\/11\/2019-huile-sous-les-arbres\/959216835.jpg\" src=\"data:image\/svg+xml,%3Csvg%20xmlns%3D%22http%3A%2F%2Fwww.w3.org%2F2000%2Fsvg%22%20width%3D%22212%22%20height%3D%22300%22%20viewBox%3D%220%200%20212%20300%22%3E%3C%2Fsvg%3E\" loading=\"eager\"><\/span><span class=\"fg-image-overlay\"><\/span><\/a><\/figure><div class=\"fg-loader\"><\/div><\/div><div class=\"fg-item fg-type-iframe fg-idle\"><figure class=\"fg-item-inner\"><a href=\"https:\/\/francine-andres.com\/?attachment_id=78\" data-attachment-id=\"78\" data-type=\"iframe\" class=\"fg-thumb\"><span class=\"fg-image-wrap\"><img decoding=\"async\" height=\"300\" width=\"249\" class=\"skip-lazy fg-image\" data-src-fg=\"https:\/\/francine-andres.com\/wp-content\/uploads\/cache\/2022\/11\/Huile-2020-vegetation-guyane\/3182220912.jpg\" src=\"data:image\/svg+xml,%3Csvg%20xmlns%3D%22http%3A%2F%2Fwww.w3.org%2F2000%2Fsvg%22%20width%3D%22249%22%20height%3D%22300%22%20viewBox%3D%220%200%20249%20300%22%3E%3C%2Fsvg%3E\" loading=\"eager\"><\/span><span class=\"fg-image-overlay\"><\/span><\/a><\/figure><div class=\"fg-loader\"><\/div><\/div><div class=\"fg-item fg-type-iframe fg-idle\"><figure class=\"fg-item-inner\"><a href=\"https:\/\/francine-andres.com\/?attachment_id=79\" data-attachment-id=\"79\" data-type=\"iframe\" class=\"fg-thumb\"><span class=\"fg-image-wrap\"><img decoding=\"async\" height=\"300\" width=\"262\" class=\"skip-lazy fg-image\" data-src-fg=\"https:\/\/francine-andres.com\/wp-content\/uploads\/cache\/2022\/11\/Huile-au-bord-de-la-route\/2343620318.jpg\" src=\"data:image\/svg+xml,%3Csvg%20xmlns%3D%22http%3A%2F%2Fwww.w3.org%2F2000%2Fsvg%22%20width%3D%22262%22%20height%3D%22300%22%20viewBox%3D%220%200%20262%20300%22%3E%3C%2Fsvg%3E\" loading=\"eager\"><\/span><span class=\"fg-image-overlay\"><\/span><\/a><\/figure><div class=\"fg-loader\"><\/div><\/div><div class=\"fg-item fg-type-iframe fg-idle\"><figure class=\"fg-item-inner\"><a href=\"https:\/\/francine-andres.com\/?attachment_id=80\" data-attachment-id=\"80\" data-type=\"iframe\" class=\"fg-thumb\"><span class=\"fg-image-wrap\"><img decoding=\"async\" height=\"300\" width=\"215\" class=\"skip-lazy fg-image\" data-src-fg=\"https:\/\/francine-andres.com\/wp-content\/uploads\/cache\/2022\/11\/Huile-au-loin-la-plaine\/2853579849.jpg\" src=\"data:image\/svg+xml,%3Csvg%20xmlns%3D%22http%3A%2F%2Fwww.w3.org%2F2000%2Fsvg%22%20width%3D%22215%22%20height%3D%22300%22%20viewBox%3D%220%200%20215%20300%22%3E%3C%2Fsvg%3E\" loading=\"eager\"><\/span><span class=\"fg-image-overlay\"><\/span><\/a><\/figure><div class=\"fg-loader\"><\/div><\/div><div class=\"fg-item fg-type-iframe fg-idle\"><figure class=\"fg-item-inner\"><a href=\"https:\/\/francine-andres.com\/?attachment_id=81\" data-attachment-id=\"81\" data-type=\"iframe\" class=\"fg-thumb\"><span class=\"fg-image-wrap\"><img decoding=\"async\" height=\"300\" width=\"288\" class=\"skip-lazy fg-image\" data-src-fg=\"https:\/\/francine-andres.com\/wp-content\/uploads\/cache\/2022\/11\/Huile-Automne\/1995282453.jpg\" src=\"data:image\/svg+xml,%3Csvg%20xmlns%3D%22http%3A%2F%2Fwww.w3.org%2F2000%2Fsvg%22%20width%3D%22288%22%20height%3D%22300%22%20viewBox%3D%220%200%20288%20300%22%3E%3C%2Fsvg%3E\" loading=\"eager\"><\/span><span class=\"fg-image-overlay\"><\/span><\/a><\/figure><div class=\"fg-loader\"><\/div><\/div><div class=\"fg-item fg-type-iframe fg-idle\"><figure class=\"fg-item-inner\"><a href=\"https:\/\/francine-andres.com\/?attachment_id=82\" data-attachment-id=\"82\" data-type=\"iframe\" class=\"fg-thumb\"><span class=\"fg-image-wrap\"><img decoding=\"async\" height=\"300\" width=\"215\" class=\"skip-lazy fg-image\" data-src-fg=\"https:\/\/francine-andres.com\/wp-content\/uploads\/cache\/2022\/11\/Huile-en-haut-de-la-coline\/1831236115.jpg\" src=\"data:image\/svg+xml,%3Csvg%20xmlns%3D%22http%3A%2F%2Fwww.w3.org%2F2000%2Fsvg%22%20width%3D%22215%22%20height%3D%22300%22%20viewBox%3D%220%200%20215%20300%22%3E%3C%2Fsvg%3E\" loading=\"eager\"><\/span><span class=\"fg-image-overlay\"><\/span><\/a><\/figure><div class=\"fg-loader\"><\/div><\/div><\/div>\n\n<p><em>Peintures Paysages format raisin 2020\/2022\u00a0<\/em><\/p>\n<h2>Pastels et craies 2020\/2021<\/h2>\n<style type=\"text\/css\">\n#foogallery-gallery-125.fg-justified .fg-item { margin-right: 1px; margin-bottom: 1px; }\n#foogallery-gallery-125.fg-justified .fg-image { height: 200px; }<\/style>\n\t\t\t<div class=\"foogallery foogallery-container foogallery-justified foogallery-lightbox-none fg-justified fg-ready fg-dark fg-border-medium fg-shadow-outline fg-loading-default fg-loaded-fade-in fg-hover-zoomed fg-hover-fade fg-hover-zoom2\" id=\"foogallery-gallery-125\" data-foogallery=\"{&quot;item&quot;:{&quot;showCaptionTitle&quot;:true,&quot;showCaptionDescription&quot;:false},&quot;lazy&quot;:true,&quot;template&quot;:{&quot;rowHeight&quot;:200,&quot;maxRowHeight&quot;:300,&quot;margins&quot;:1,&quot;align&quot;:&quot;center&quot;,&quot;lastRow&quot;:&quot;smart&quot;}}\" style=\"--fg-title-line-clamp: 0; --fg-description-line-clamp: 0;\" >\n\t<div class=\"fg-item fg-type-iframe fg-idle\"><figure class=\"fg-item-inner\"><a href=\"https:\/\/francine-andres.com\/?attachment_id=126\" data-attachment-id=\"126\" data-type=\"iframe\" class=\"fg-thumb\"><span class=\"fg-image-wrap\"><img decoding=\"async\" height=\"300\" width=\"224\" class=\"skip-lazy fg-image\" data-src-fg=\"https:\/\/francine-andres.com\/wp-content\/uploads\/cache\/2022\/11\/Pastel-1-scaled\/3361946984.jpg\" src=\"data:image\/svg+xml,%3Csvg%20xmlns%3D%22http%3A%2F%2Fwww.w3.org%2F2000%2Fsvg%22%20width%3D%22224%22%20height%3D%22300%22%20viewBox%3D%220%200%20224%20300%22%3E%3C%2Fsvg%3E\" loading=\"eager\"><\/span><span class=\"fg-image-overlay\"><\/span><\/a><\/figure><div class=\"fg-loader\"><\/div><\/div><div class=\"fg-item fg-type-iframe fg-idle\"><figure class=\"fg-item-inner\"><a href=\"https:\/\/francine-andres.com\/?attachment_id=127\" data-attachment-id=\"127\" data-type=\"iframe\" class=\"fg-thumb\"><span class=\"fg-image-wrap\"><img decoding=\"async\" height=\"300\" width=\"224\" class=\"skip-lazy fg-image\" data-src-fg=\"https:\/\/francine-andres.com\/wp-content\/uploads\/cache\/2022\/11\/Pastel-2-scaled\/2334334933.jpg\" src=\"data:image\/svg+xml,%3Csvg%20xmlns%3D%22http%3A%2F%2Fwww.w3.org%2F2000%2Fsvg%22%20width%3D%22224%22%20height%3D%22300%22%20viewBox%3D%220%200%20224%20300%22%3E%3C%2Fsvg%3E\" loading=\"eager\"><\/span><span class=\"fg-image-overlay\"><\/span><\/a><\/figure><div class=\"fg-loader\"><\/div><\/div><div class=\"fg-item fg-type-iframe fg-idle\"><figure class=\"fg-item-inner\"><a href=\"https:\/\/francine-andres.com\/?attachment_id=128\" data-attachment-id=\"128\" data-type=\"iframe\" class=\"fg-thumb\"><span class=\"fg-image-wrap\"><img decoding=\"async\" height=\"300\" width=\"224\" class=\"skip-lazy fg-image\" data-src-fg=\"https:\/\/francine-andres.com\/wp-content\/uploads\/cache\/2022\/11\/Pastel-3-scaled\/2875356355.jpg\" src=\"data:image\/svg+xml,%3Csvg%20xmlns%3D%22http%3A%2F%2Fwww.w3.org%2F2000%2Fsvg%22%20width%3D%22224%22%20height%3D%22300%22%20viewBox%3D%220%200%20224%20300%22%3E%3C%2Fsvg%3E\" loading=\"eager\"><\/span><span class=\"fg-image-overlay\"><\/span><\/a><\/figure><div class=\"fg-loader\"><\/div><\/div><div class=\"fg-item fg-type-iframe fg-idle\"><figure class=\"fg-item-inner\"><a href=\"https:\/\/francine-andres.com\/?attachment_id=129\" data-attachment-id=\"129\" data-type=\"iframe\" class=\"fg-thumb\"><span class=\"fg-image-wrap\"><img decoding=\"async\" height=\"300\" width=\"224\" class=\"skip-lazy fg-image\" data-src-fg=\"https:\/\/francine-andres.com\/wp-content\/uploads\/cache\/2022\/11\/Pastel-4-scaled\/1650340637.jpg\" src=\"data:image\/svg+xml,%3Csvg%20xmlns%3D%22http%3A%2F%2Fwww.w3.org%2F2000%2Fsvg%22%20width%3D%22224%22%20height%3D%22300%22%20viewBox%3D%220%200%20224%20300%22%3E%3C%2Fsvg%3E\" loading=\"eager\"><\/span><span class=\"fg-image-overlay\"><\/span><\/a><\/figure><div class=\"fg-loader\"><\/div><\/div><\/div>\n\n<p><em>Craie grasse format A3, recherche de mouvements dans les formes et les couleurs 2021<\/em><\/p>\n<h2>Galets grav\u00e9s<\/h2>\n<style>\n                #foogallery-gallery-256.fg-justified .fg-item {<br \/>\n                    margin-right: 2px;<br \/>\n                    margin-bottom: 2px;<br \/>\n                }<br \/>\n                #foogallery-gallery-256.fg-justified .fg-image {<br \/>\n                    height: 170px;<br \/>\n                }<br \/>\n\t\t\t<\/style>\n<figure><a href=\"https:\/\/francine-andres.com\/?attachment_id=142\" data-caption-title=\"Ornement sur galet\" data-caption-desc=\"Peinture \u00e0 l'huile grav\u00e9 apr\u00e8s s\u00e9chage\" data-attachment-id=\"142\"><img decoding=\"async\" title=\"Ornement sur galet\" src=\"data:;base64,<svg xmlns=\"http:\/\/www.w3.org\/2000\/svg\" width=\"438\" height=\"300\" viewBox=\"0 0 438 300\"><\/svg>\u00a0\u00bb alt=\u00a0\u00bbOrnement sur galet\u00a0\u00bb width=\u00a0\u00bb438&Prime; height=\u00a0\u00bb300&Prime; data-src-fg=\u00a0\u00bbhttps:\/\/francine-andres.com\/wp-content\/uploads\/cache\/remote\/francine-andres-com\/2925823807.jpg\u00a0\u00bb \/><\/a><figcaption>Ornement sur galet<\/figcaption><\/figure>\n<figure><a href=\"https:\/\/francine-andres.com\/?attachment_id=141\" data-caption-title=\"Ornement galet\" data-caption-desc=\"Peinture \u00e0 l'huile grav\u00e9 apr\u00e8s s\u00e9chage\" data-attachment-id=\"141\"><img decoding=\"async\" title=\"Ornement galet\" src=\"data:;base64,<svg xmlns=\"http:\/\/www.w3.org\/2000\/svg\" width=\"474\" height=\"300\" viewBox=\"0 0 474 300\"><\/svg>\u00a0\u00bb width=\u00a0\u00bb474&Prime; height=\u00a0\u00bb300&Prime; data-src-fg=\u00a0\u00bbhttps:\/\/francine-andres.com\/wp-content\/uploads\/cache\/remote\/francine-andres-com\/81294782.jpg\u00a0\u00bb \/><\/a><figcaption>Ornement galet<\/figcaption><\/figure>\n<figure><a href=\"https:\/\/francine-andres.com\/?attachment_id=138\" data-caption-title=\"Ornement sur galet les petits poissons\" data-caption-desc=\"Peinture \u00e0 l'huile grav\u00e9 apr\u00e8s s\u00e9chage\" data-attachment-id=\"138\"><img loading=\"lazy\" decoding=\"async\" title=\"Ornement sur galet les petits poissons\" src=\"data:;base64,<svg xmlns=\"http:\/\/www.w3.org\/2000\/svg\" width=\"282\" height=\"300\" viewBox=\"0 0 282 300\"><\/svg>\u00a0\u00bb width=\u00a0\u00bb282&Prime; height=\u00a0\u00bb300&Prime; data-src-fg=\u00a0\u00bbhttps:\/\/francine-andres.com\/wp-content\/uploads\/cache\/remote\/francine-andres-com\/3623967601.jpg\u00a0\u00bb \/><\/a><figcaption>Ornement sur galet les petits poissons<\/figcaption><\/figure>\n<figure><a href=\"https:\/\/francine-andres.com\/?attachment_id=140\" data-caption-title=\"Ornement nature sur Galet\" data-caption-desc=\"Peinture \u00e0 l'huile grav\u00e9 apr\u00e8s s\u00e9chage\" data-attachment-id=\"140\"><img loading=\"lazy\" decoding=\"async\" title=\"Ornement nature sur Galet\" src=\"data:;base64,<svg xmlns=\"http:\/\/www.w3.org\/2000\/svg\" width=\"400\" height=\"300\" viewBox=\"0 0 400 300\"><\/svg>\u00a0\u00bb width=\u00a0\u00bb400&Prime; height=\u00a0\u00bb300&Prime; data-src-fg=\u00a0\u00bbhttps:\/\/francine-andres.com\/wp-content\/uploads\/cache\/remote\/francine-andres-com\/1655954369.jpg\u00a0\u00bb \/><\/a><figcaption>Ornement nature sur Galet<\/figcaption><\/figure>\n<figure><a href=\"https:\/\/francine-andres.com\/?attachment_id=137\" data-caption-title=\"Ornement sur galet &quot;\u00e7a tourne&quot;\" data-caption-desc=\"Peinture \u00e0 l'huile grav\u00e9 apr\u00e8s s\u00e9chage\" data-attachment-id=\"137\"><img loading=\"lazy\" decoding=\"async\" title=\"Ornement sur galet &quot;\u00e7a tourne&quot;\" src=\"data:;base64,<svg xmlns=\"http:\/\/www.w3.org\/2000\/svg\" width=\"255\" height=\"300\" viewBox=\"0 0 255 300\"><\/svg>\u00a0\u00bb width=\u00a0\u00bb255&Prime; height=\u00a0\u00bb300&Prime; data-src-fg=\u00a0\u00bbhttps:\/\/francine-andres.com\/wp-content\/uploads\/cache\/remote\/francine-andres-com\/130151039.jpg\u00a0\u00bb \/><\/a><figcaption>Ornement sur galet \u00ab\u00a0\u00e7a tourne\u00a0\u00bb<\/figcaption><\/figure>\n<p>Galets de plage enduits d&rsquo;une mixture \u00e0 l&rsquo;huile et grav\u00e9s<\/p>\n<h2>Bande dessin\u00e9e \u00ab\u00a0De l&rsquo;autre c\u00f4t\u00e9\u00a0\u00bb 2016<\/h2>\n<style type=\"text\/css\">\n#foogallery-gallery-271.fg-justified .fg-item { margin-right: 1px; margin-bottom: 1px; }\n#foogallery-gallery-271.fg-justified .fg-image { height: 200px; }<\/style>\n\t\t\t<div class=\"foogallery foogallery-container foogallery-justified foogallery-lightbox-none fg-justified fg-ready fg-dark fg-border-thin fg-shadow-outline fg-loading-default fg-loaded-fade-in fg-caption-always fg-hover-fade fg-hover-zoom2\" id=\"foogallery-gallery-271\" data-foogallery=\"{&quot;item&quot;:{&quot;showCaptionTitle&quot;:true,&quot;showCaptionDescription&quot;:false},&quot;lazy&quot;:true,&quot;template&quot;:{&quot;rowHeight&quot;:200,&quot;maxRowHeight&quot;:300,&quot;margins&quot;:1,&quot;align&quot;:&quot;center&quot;,&quot;lastRow&quot;:&quot;smart&quot;}}\" style=\"--fg-title-line-clamp: 0; --fg-description-line-clamp: 0;\" >\n\t<div class=\"fg-item fg-type-iframe fg-idle\"><figure class=\"fg-item-inner\"><a href=\"https:\/\/francine-andres.com\/?attachment_id=114\" data-attachment-id=\"114\" data-type=\"iframe\" class=\"fg-thumb\"><span class=\"fg-image-wrap\"><img decoding=\"async\" height=\"300\" width=\"212\" class=\"skip-lazy fg-image\" data-src-fg=\"https:\/\/francine-andres.com\/wp-content\/uploads\/cache\/2022\/11\/BD-autre-cote-1-scaled\/2924871808.jpg\" src=\"data:image\/svg+xml,%3Csvg%20xmlns%3D%22http%3A%2F%2Fwww.w3.org%2F2000%2Fsvg%22%20width%3D%22212%22%20height%3D%22300%22%20viewBox%3D%220%200%20212%20300%22%3E%3C%2Fsvg%3E\" loading=\"eager\"><\/span><span class=\"fg-image-overlay\"><\/span><\/a><\/figure><div class=\"fg-loader\"><\/div><\/div><div class=\"fg-item fg-type-iframe fg-idle\"><figure class=\"fg-item-inner\"><a href=\"https:\/\/francine-andres.com\/?attachment_id=116\" data-attachment-id=\"116\" data-type=\"iframe\" class=\"fg-thumb\"><span class=\"fg-image-wrap\"><img decoding=\"async\" height=\"300\" width=\"212\" class=\"skip-lazy fg-image\" data-src-fg=\"https:\/\/francine-andres.com\/wp-content\/uploads\/cache\/2022\/11\/BD-autre-cote-3-scaled\/444114526.jpg\" src=\"data:image\/svg+xml,%3Csvg%20xmlns%3D%22http%3A%2F%2Fwww.w3.org%2F2000%2Fsvg%22%20width%3D%22212%22%20height%3D%22300%22%20viewBox%3D%220%200%20212%20300%22%3E%3C%2Fsvg%3E\" loading=\"eager\"><\/span><span class=\"fg-image-overlay\"><\/span><\/a><\/figure><div class=\"fg-loader\"><\/div><\/div><div class=\"fg-item fg-type-iframe fg-idle\"><figure class=\"fg-item-inner\"><a href=\"https:\/\/francine-andres.com\/?attachment_id=44\" data-caption-desc=\"Edition SKA 2015\" data-attachment-id=\"44\" data-type=\"iframe\" class=\"fg-thumb\"><span class=\"fg-image-wrap\"><img decoding=\"async\" height=\"300\" width=\"212\" class=\"skip-lazy fg-image\" data-src-fg=\"https:\/\/francine-andres.com\/wp-content\/uploads\/cache\/2022\/09\/13_jpg13-scaled\/3427894810.jpg\" src=\"data:image\/svg+xml,%3Csvg%20xmlns%3D%22http%3A%2F%2Fwww.w3.org%2F2000%2Fsvg%22%20width%3D%22212%22%20height%3D%22300%22%20viewBox%3D%220%200%20212%20300%22%3E%3C%2Fsvg%3E\" loading=\"eager\"><\/span><span class=\"fg-image-overlay\"><\/span><\/a><\/figure><div class=\"fg-loader\"><\/div><\/div><div class=\"fg-item fg-type-iframe fg-idle\"><figure class=\"fg-item-inner\"><a href=\"https:\/\/francine-andres.com\/?attachment_id=43\" data-caption-desc=\"Edition SKA 2015\" data-attachment-id=\"43\" data-type=\"iframe\" class=\"fg-thumb\"><span class=\"fg-image-wrap\"><img decoding=\"async\" height=\"300\" width=\"212\" class=\"skip-lazy fg-image\" data-src-fg=\"https:\/\/francine-andres.com\/wp-content\/uploads\/cache\/2022\/09\/4_jpg4_-scaled\/2736638322.jpg\" src=\"data:image\/svg+xml,%3Csvg%20xmlns%3D%22http%3A%2F%2Fwww.w3.org%2F2000%2Fsvg%22%20width%3D%22212%22%20height%3D%22300%22%20viewBox%3D%220%200%20212%20300%22%3E%3C%2Fsvg%3E\" loading=\"eager\"><\/span><span class=\"fg-image-overlay\"><\/span><\/a><\/figure><div class=\"fg-loader\"><\/div><\/div><div class=\"fg-item fg-type-iframe fg-idle\"><figure class=\"fg-item-inner\"><a href=\"https:\/\/francine-andres.com\/?attachment_id=117\" data-attachment-id=\"117\" data-type=\"iframe\" class=\"fg-thumb\"><span class=\"fg-image-wrap\"><img decoding=\"async\" height=\"300\" width=\"212\" class=\"skip-lazy fg-image\" data-src-fg=\"https:\/\/francine-andres.com\/wp-content\/uploads\/cache\/2022\/11\/BD-autre-cote-4-scaled\/1653940675.jpg\" src=\"data:image\/svg+xml,%3Csvg%20xmlns%3D%22http%3A%2F%2Fwww.w3.org%2F2000%2Fsvg%22%20width%3D%22212%22%20height%3D%22300%22%20viewBox%3D%220%200%20212%20300%22%3E%3C%2Fsvg%3E\" loading=\"eager\"><\/span><span class=\"fg-image-overlay\"><\/span><\/a><\/figure><div class=\"fg-loader\"><\/div><\/div><div class=\"fg-item fg-type-iframe fg-idle\"><figure class=\"fg-item-inner\"><a href=\"https:\/\/francine-andres.com\/?attachment_id=115\" data-attachment-id=\"115\" data-type=\"iframe\" class=\"fg-thumb\"><span class=\"fg-image-wrap\"><img decoding=\"async\" height=\"300\" width=\"212\" class=\"skip-lazy fg-image\" data-src-fg=\"https:\/\/francine-andres.com\/wp-content\/uploads\/cache\/2022\/11\/BD-autre-cote-2-scaled\/1556603518.jpg\" src=\"data:image\/svg+xml,%3Csvg%20xmlns%3D%22http%3A%2F%2Fwww.w3.org%2F2000%2Fsvg%22%20width%3D%22212%22%20height%3D%22300%22%20viewBox%3D%220%200%20212%20300%22%3E%3C%2Fsvg%3E\" loading=\"eager\"><\/span><span class=\"fg-image-overlay\"><\/span><\/a><\/figure><div class=\"fg-loader\"><\/div><\/div><\/div>\n\n<p>Illustration du texte de l&rsquo;\u00e9crivain Gilles VIDAL \u00e9dit\u00e9 chez \u00ab\u00a0Ska\u00a0\u00bb en 2015<\/p>\n","protected":false},"excerpt":{"rendered":"<p>Gouache formait A3 2023 Peinture \u00e0 l&rsquo;huile grand format Peintures Paysages format raisin 2020\/2022\u00a0 Pastels et craies 2020\/2021 Craie grasse format A3, recherche de mouvements dans les formes et les couleurs 2021 Galets grav\u00e9s Ornement sur galet les petits poissons<\/p>\n","protected":false},"author":2,"featured_media":0,"parent":0,"menu_order":0,"comment_status":"closed","ping_status":"closed","template":"","meta":{"om_disable_all_campaigns":false,"_monsterinsights_skip_tracking":false,"_monsterinsights_sitenote_active":false,"_monsterinsights_sitenote_note":"","_monsterinsights_sitenote_category":0,"site-sidebar-layout":"default","site-content-layout":"","ast-site-content-layout":"default","site-content-style":"default","site-sidebar-style":"default","ast-global-header-display":"","ast-banner-title-visibility":"","ast-main-header-display":"","ast-hfb-above-header-display":"","ast-hfb-below-header-display":"","ast-hfb-mobile-header-display":"","site-post-title":"","ast-breadcrumbs-content":"","ast-featured-img":"","footer-sml-layout":"","ast-disable-related-posts":"","theme-transparent-header-meta":"","adv-header-id-meta":"","stick-header-meta":"","header-above-stick-meta":"","header-main-stick-meta":"","header-below-stick-meta":"","astra-migrate-meta-layouts":"set","ast-page-background-enabled":"default","ast-page-background-meta":{"desktop":{"background-color":"var(--ast-global-color-4)","background-image":"","background-repeat":"repeat","background-position":"center center","background-size":"auto","background-attachment":"scroll","background-type":"","background-media":"","overlay-type":"","overlay-color":"","overlay-opacity":"","overlay-gradient":""},"tablet":{"background-color":"","background-image":"","background-repeat":"repeat","background-position":"center center","background-size":"auto","background-attachment":"scroll","background-type":"","background-media":"","overlay-type":"","overlay-color":"","overlay-opacity":"","overlay-gradient":""},"mobile":{"background-color":"","background-image":"","background-repeat":"repeat","background-position":"center center","background-size":"auto","background-attachment":"scroll","background-type":"","background-media":"","overlay-type":"","overlay-color":"","overlay-opacity":"","overlay-gradient":""}},"ast-content-background-meta":{"desktop":{"background-color":"var(--ast-global-color-5)","background-image":"","background-repeat":"repeat","background-position":"center center","background-size":"auto","background-attachment":"scroll","background-type":"","background-media":"","overlay-type":"","overlay-color":"","overlay-opacity":"","overlay-gradient":""},"tablet":{"background-color":"var(--ast-global-color-5)","background-image":"","background-repeat":"repeat","background-position":"center center","background-size":"auto","background-attachment":"scroll","background-type":"","background-media":"","overlay-type":"","overlay-color":"","overlay-opacity":"","overlay-gradient":""},"mobile":{"background-color":"var(--ast-global-color-5)","background-image":"","background-repeat":"repeat","background-position":"center center","background-size":"auto","background-attachment":"scroll","background-type":"","background-media":"","overlay-type":"","overlay-color":"","overlay-opacity":"","overlay-gradient":""}},"footnotes":""},"class_list":["post-23","page","type-page","status-publish","hentry"],"aioseo_notices":[],"_links":{"self":[{"href":"https:\/\/francine-andres.com\/index.php?rest_route=\/wp\/v2\/pages\/23","targetHints":{"allow":["GET"]}}],"collection":[{"href":"https:\/\/francine-andres.com\/index.php?rest_route=\/wp\/v2\/pages"}],"about":[{"href":"https:\/\/francine-andres.com\/index.php?rest_route=\/wp\/v2\/types\/page"}],"author":[{"embeddable":true,"href":"https:\/\/francine-andres.com\/index.php?rest_route=\/wp\/v2\/users\/2"}],"replies":[{"embeddable":true,"href":"https:\/\/francine-andres.com\/index.php?rest_route=%2Fwp%2Fv2%2Fcomments&post=23"}],"version-history":[{"count":113,"href":"https:\/\/francine-andres.com\/index.php?rest_route=\/wp\/v2\/pages\/23\/revisions"}],"predecessor-version":[{"id":1131,"href":"https:\/\/francine-andres.com\/index.php?rest_route=\/wp\/v2\/pages\/23\/revisions\/1131"}],"wp:attachment":[{"href":"https:\/\/francine-andres.com\/index.php?rest_route=%2Fwp%2Fv2%2Fmedia&parent=23"}],"curies":[{"name":"wp","href":"https:\/\/api.w.org\/{rel}","templated":true}]}}